{"id":808,"date":"2022-12-29T14:13:20","date_gmt":"2022-12-29T14:13:20","guid":{"rendered":"https:\/\/teste.lynxprocess.com\/?page_id=808"},"modified":"2024-05-09T13:59:46","modified_gmt":"2024-05-09T13:59:46","slug":"em_breve","status":"publish","type":"page","link":"https:\/\/digitalindustrial.com.br\/pt_br\/em_breve\/","title":{"rendered":"Em breve!"},"content":{"rendered":"<p><img decoding=\"async\" loading=\"lazy\" class=\"aligncenter size-full wp-image-1100\" src=\"https:\/\/teste.digitalindustrial.com.br\/wp-content\/uploads\/2023\/11\/em_breve.png\" alt=\"\" width=\"1459\" height=\"513\" srcset=\"https:\/\/digitalindustrial.com.br\/wp-content\/uploads\/2023\/11\/em_breve.png 1459w, https:\/\/digitalindustrial.com.br\/wp-content\/uploads\/2023\/11\/em_breve-300x105.png 300w, https:\/\/digitalindustrial.com.br\/wp-content\/uploads\/2023\/11\/em_breve-1024x360.png 1024w, https:\/\/digitalindustrial.com.br\/wp-content\/uploads\/2023\/11\/em_breve-768x270.png 768w, https:\/\/digitalindustrial.com.br\/wp-content\/uploads\/2023\/11\/em_breve-18x6.png 18w\" sizes=\"(max-width: 1459px) 100vw, 1459px\" \/><\/p>\n<p><span style=\"font-size: 16px;\">Agradecemos seu interesse neste conte\u00fado! Entretanto, ainda n\u00e3o publicamos uma mat\u00e9ria relacionada ao assunto.<\/span><\/p>\n<p><span style=\"font-size: 16px;\">Em breve teremos uma nova publica\u00e7\u00e3o desse segmento. Enquanto isso, <\/span><a href=\"https:\/\/periodico.digitalindustrial.com.br\/receber\"><strong>assine nossa newsletter<\/strong><\/a><span style=\"font-size: 16px;\"> e leia mais sobre a ind\u00fastria digital em outros artigos!<\/span><\/p>\n","protected":false},"excerpt":{"rendered":"<div class=\"mh-excerpt\"><p>Agradecemos seu interesse neste conte\u00fado! Entretanto, ainda n\u00e3o publicamos uma mat\u00e9ria relacionada ao assunto. Em breve teremos uma nova publica\u00e7\u00e3o desse segmento. Enquanto isso, assine <a class=\"mh-excerpt-more\" href=\"https:\/\/digitalindustrial.com.br\/pt_br\/em_breve\/\" title=\"Em breve!\">[&#8230;]<\/a><\/p>\n<\/div>","protected":false},"author":1,"featured_media":803,"parent":0,"menu_order":0,"comment_status":"closed","ping_status":"closed","template":"","meta":[],"yoast_head":"<!-- This site is optimized with the Yoast SEO plugin v20.12 - https:\/\/yoast.com\/wordpress\/plugins\/seo\/ -->\n<title>Em breve! - DigitalIndustrial<\/title>\n<meta name=\"description\" content=\"Em breve teremos uma nova publica\u00e7\u00e3o desse segmento. Enquanto isso, assine nossa newsletter e leia mais sobre a ind\u00fastria digital!\" \/>\n<meta name=\"robots\" content=\"index, follow, max-snippet:-1, max-image-preview:large, max-video-preview:-1\" \/>\n<link rel=\"canonical\" href=\"https:\/\/digitalindustrial.com.br\/pt_br\/em_breve\/\" \/>\n<meta property=\"og:locale\" content=\"pt_BR\" \/>\n<meta property=\"og:type\" content=\"article\" \/>\n<meta property=\"og:title\" content=\"Em breve! - DigitalIndustrial\" \/>\n<meta property=\"og:description\" content=\"Em breve teremos uma nova publica\u00e7\u00e3o desse segmento. Enquanto isso, assine nossa newsletter e leia mais sobre a ind\u00fastria digital!\" \/>\n<meta property=\"og:url\" content=\"https:\/\/digitalindustrial.com.br\/pt_br\/em_breve\/\" \/>\n<meta property=\"og:site_name\" content=\"DigitalIndustrial\" \/>\n<meta property=\"article:modified_time\" content=\"2024-05-09T13:59:46+00:00\" \/>\n<meta property=\"og:image\" content=\"https:\/\/digitalindustrial.com.br\/wp-content\/uploads\/2022\/12\/Em-construcao.png\" \/>\n\t<meta property=\"og:image:width\" content=\"1280\" \/>\n\t<meta property=\"og:image:height\" content=\"446\" \/>\n\t<meta property=\"og:image:type\" content=\"image\/png\" \/>\n<meta name=\"twitter:card\" content=\"summary_large_image\" \/>\n<meta name=\"twitter:label1\" content=\"Est. tempo de leitura\" \/>\n\t<meta name=\"twitter:data1\" content=\"1 minuto\" \/>\n<script type=\"application\/ld+json\" class=\"yoast-schema-graph\">{\"@context\":\"https:\/\/schema.org\",\"@graph\":[{\"@type\":\"WebPage\",\"@id\":\"https:\/\/digitalindustrial.com.br\/em_breve\/\",\"url\":\"https:\/\/digitalindustrial.com.br\/em_breve\/\",\"name\":\"Em breve! - DigitalIndustrial\",\"isPartOf\":{\"@id\":\"https:\/\/digitalindustrial.com.br\/#website\"},\"datePublished\":\"2022-12-29T14:13:20+00:00\",\"dateModified\":\"2024-05-09T13:59:46+00:00\",\"description\":\"Em breve teremos uma nova publica\u00e7\u00e3o desse segmento. Enquanto isso, assine nossa newsletter e leia mais sobre a ind\u00fastria digital!\",\"breadcrumb\":{\"@id\":\"https:\/\/digitalindustrial.com.br\/em_breve\/#breadcrumb\"},\"inLanguage\":\"pt-BR\",\"potentialAction\":[{\"@type\":\"ReadAction\",\"target\":[\"https:\/\/digitalindustrial.com.br\/em_breve\/\"]}]},{\"@type\":\"BreadcrumbList\",\"@id\":\"https:\/\/digitalindustrial.com.br\/em_breve\/#breadcrumb\",\"itemListElement\":[{\"@type\":\"ListItem\",\"position\":1,\"name\":\"In\u00edcio\",\"item\":\"https:\/\/digitalindustrial.com.br\/\"},{\"@type\":\"ListItem\",\"position\":2,\"name\":\"Em breve!\"}]},{\"@type\":\"WebSite\",\"@id\":\"https:\/\/digitalindustrial.com.br\/#website\",\"url\":\"https:\/\/digitalindustrial.com.br\/\",\"name\":\"DigitalIndustrial\",\"description\":\"Seja um l\u00edder da transforma\u00e7\u00e3o digital na sua ind\u00fastria. Aprenda como digitalizar sua industria por meio das melhores refer\u00eancias e hist\u00f3rias reais.\",\"potentialAction\":[{\"@type\":\"SearchAction\",\"target\":{\"@type\":\"EntryPoint\",\"urlTemplate\":\"https:\/\/digitalindustrial.com.br\/?s={search_term_string}\"},\"query-input\":\"required name=search_term_string\"}],\"inLanguage\":\"pt-BR\"}]}<\/script>\n<!-- \/ Yoast SEO plugin. -->","yoast_head_json":{"title":"Em breve! - DigitalIndustrial","description":"Em breve teremos uma nova publica\u00e7\u00e3o desse segmento. Enquanto isso, assine nossa newsletter e leia mais sobre a ind\u00fastria digital!","robots":{"index":"index","follow":"follow","max-snippet":"max-snippet:-1","max-image-preview":"max-image-preview:large","max-video-preview":"max-video-preview:-1"},"canonical":"https:\/\/digitalindustrial.com.br\/pt_br\/em_breve\/","og_locale":"pt_BR","og_type":"article","og_title":"Em breve! - DigitalIndustrial","og_description":"Em breve teremos uma nova publica\u00e7\u00e3o desse segmento. Enquanto isso, assine nossa newsletter e leia mais sobre a ind\u00fastria digital!","og_url":"https:\/\/digitalindustrial.com.br\/pt_br\/em_breve\/","og_site_name":"DigitalIndustrial","article_modified_time":"2024-05-09T13:59:46+00:00","og_image":[{"width":1280,"height":446,"url":"https:\/\/digitalindustrial.com.br\/wp-content\/uploads\/2022\/12\/Em-construcao.png","type":"image\/png"}],"twitter_card":"summary_large_image","twitter_misc":{"Est. tempo de leitura":"1 minuto"},"schema":{"@context":"https:\/\/schema.org","@graph":[{"@type":"WebPage","@id":"https:\/\/digitalindustrial.com.br\/em_breve\/","url":"https:\/\/digitalindustrial.com.br\/em_breve\/","name":"Em breve! - DigitalIndustrial","isPartOf":{"@id":"https:\/\/digitalindustrial.com.br\/#website"},"datePublished":"2022-12-29T14:13:20+00:00","dateModified":"2024-05-09T13:59:46+00:00","description":"Em breve teremos uma nova publica\u00e7\u00e3o desse segmento. Enquanto isso, assine nossa newsletter e leia mais sobre a ind\u00fastria digital!","breadcrumb":{"@id":"https:\/\/digitalindustrial.com.br\/em_breve\/#breadcrumb"},"inLanguage":"pt-BR","potentialAction":[{"@type":"ReadAction","target":["https:\/\/digitalindustrial.com.br\/em_breve\/"]}]},{"@type":"BreadcrumbList","@id":"https:\/\/digitalindustrial.com.br\/em_breve\/#breadcrumb","itemListElement":[{"@type":"ListItem","position":1,"name":"In\u00edcio","item":"https:\/\/digitalindustrial.com.br\/"},{"@type":"ListItem","position":2,"name":"Em breve!"}]},{"@type":"WebSite","@id":"https:\/\/digitalindustrial.com.br\/#website","url":"https:\/\/digitalindustrial.com.br\/","name":"DigitalIndustrial","description":"Seja um l\u00edder da transforma\u00e7\u00e3o digital na sua ind\u00fastria. Aprenda como digitalizar sua industria por meio das melhores refer\u00eancias e hist\u00f3rias reais.","potentialAction":[{"@type":"SearchAction","target":{"@type":"EntryPoint","urlTemplate":"https:\/\/digitalindustrial.com.br\/?s={search_term_string}"},"query-input":"required name=search_term_string"}],"inLanguage":"pt-BR"}]}},"_links":{"self":[{"href":"https:\/\/digitalindustrial.com.br\/pt_br\/wp-json\/wp\/v2\/pages\/808"}],"collection":[{"href":"https:\/\/digitalindustrial.com.br\/pt_br\/wp-json\/wp\/v2\/pages"}],"about":[{"href":"https:\/\/digitalindustrial.com.br\/pt_br\/wp-json\/wp\/v2\/types\/page"}],"author":[{"embeddable":true,"href":"https:\/\/digitalindustrial.com.br\/pt_br\/wp-json\/wp\/v2\/users\/1"}],"replies":[{"embeddable":true,"href":"https:\/\/digitalindustrial.com.br\/pt_br\/wp-json\/wp\/v2\/comments?post=808"}],"version-history":[{"count":8,"href":"https:\/\/digitalindustrial.com.br\/pt_br\/wp-json\/wp\/v2\/pages\/808\/revisions"}],"predecessor-version":[{"id":1253,"href":"https:\/\/digitalindustrial.com.br\/pt_br\/wp-json\/wp\/v2\/pages\/808\/revisions\/1253"}],"wp:featuredmedia":[{"embeddable":true,"href":"https:\/\/digitalindustrial.com.br\/pt_br\/wp-json\/wp\/v2\/media\/803"}],"wp:attachment":[{"href":"https:\/\/digitalindustrial.com.br\/pt_br\/wp-json\/wp\/v2\/media?parent=808"}],"curies":[{"name":"wp","href":"https:\/\/api.w.org\/{rel}","templated":true}]}}