{"id":889,"date":"2023-06-20T17:45:08","date_gmt":"2023-06-20T17:45:08","guid":{"rendered":"https:\/\/teste.digitalindustrial.com.br\/?page_id=889"},"modified":"2024-05-09T14:24:39","modified_gmt":"2024-05-09T14:24:39","slug":"blog-digitalindustrial","status":"publish","type":"page","link":"https:\/\/digitalindustrial.com.br\/en\/","title":{"rendered":"DigitalIndustrial"},"content":{"rendered":"","protected":false},"excerpt":{"rendered":"<div class=\"mh-excerpt\"><\/div>","protected":false},"author":1,"featured_media":0,"parent":0,"menu_order":0,"comment_status":"closed","ping_status":"closed","template":"homepage.php","meta":[],"yoast_head":"<!-- This site is optimized with the Yoast SEO plugin v20.12 - https:\/\/yoast.com\/wordpress\/plugins\/seo\/ -->\n<title>DigitalIndustrial<\/title>\n<meta name=\"description\" content=\"Seja um l\u00edder da transforma\u00e7\u00e3o digital na ind\u00fastria e digitalize seu neg\u00f3cio com as melhores refer\u00eancias e hist\u00f3rias reais.\" \/>\n<meta name=\"robots\" content=\"index, follow, max-snippet:-1, max-image-preview:large, max-video-preview:-1\" \/>\n<link rel=\"canonical\" href=\"https:\/\/digitalindustrial.com.br\/en\/\" \/>\n<meta property=\"og:locale\" content=\"en_US\" \/>\n<meta property=\"og:type\" content=\"article\" \/>\n<meta property=\"og:title\" content=\"DigitalIndustrial\" \/>\n<meta property=\"og:description\" content=\"Seja um l\u00edder da transforma\u00e7\u00e3o digital na ind\u00fastria e digitalize seu neg\u00f3cio com as melhores refer\u00eancias e hist\u00f3rias reais.\" \/>\n<meta property=\"og:url\" content=\"https:\/\/digitalindustrial.com.br\/en\/\" \/>\n<meta property=\"og:site_name\" content=\"DigitalIndustrial\" \/>\n<meta property=\"article:modified_time\" content=\"2024-05-09T14:24:39+00:00\" \/>\n<meta name=\"twitter:card\" content=\"summary_large_image\" \/>\n<script type=\"application\/ld+json\" class=\"yoast-schema-graph\">{\"@context\":\"https:\/\/schema.org\",\"@graph\":[{\"@type\":\"WebPage\",\"@id\":\"https:\/\/digitalindustrial.com.br\/\",\"url\":\"https:\/\/digitalindustrial.com.br\/\",\"name\":\"DigitalIndustrial\",\"isPartOf\":{\"@id\":\"https:\/\/digitalindustrial.com.br\/#website\"},\"datePublished\":\"2023-06-20T17:45:08+00:00\",\"dateModified\":\"2024-05-09T14:24:39+00:00\",\"description\":\"Seja um l\u00edder da transforma\u00e7\u00e3o digital na ind\u00fastria e digitalize seu neg\u00f3cio com as melhores refer\u00eancias e hist\u00f3rias reais.\",\"breadcrumb\":{\"@id\":\"https:\/\/digitalindustrial.com.br\/#breadcrumb\"},\"inLanguage\":\"en-US\",\"potentialAction\":[{\"@type\":\"ReadAction\",\"target\":[\"https:\/\/digitalindustrial.com.br\/\"]}]},{\"@type\":\"BreadcrumbList\",\"@id\":\"https:\/\/digitalindustrial.com.br\/#breadcrumb\",\"itemListElement\":[{\"@type\":\"ListItem\",\"position\":1,\"name\":\"In\u00edcio\",\"item\":\"https:\/\/digitalindustrial.com.br\/\"},{\"@type\":\"ListItem\",\"position\":2,\"name\":\"DigitalIndustrial\"}]},{\"@type\":\"WebSite\",\"@id\":\"https:\/\/digitalindustrial.com.br\/#website\",\"url\":\"https:\/\/digitalindustrial.com.br\/\",\"name\":\"DigitalIndustrial\",\"description\":\"Seja um l\u00edder da transforma\u00e7\u00e3o digital na sua ind\u00fastria. Aprenda como digitalizar sua industria por meio das melhores refer\u00eancias e hist\u00f3rias reais.\",\"potentialAction\":[{\"@type\":\"SearchAction\",\"target\":{\"@type\":\"EntryPoint\",\"urlTemplate\":\"https:\/\/digitalindustrial.com.br\/?s={search_term_string}\"},\"query-input\":\"required name=search_term_string\"}],\"inLanguage\":\"en-US\"}]}<\/script>\n<!-- \/ Yoast SEO plugin. -->","yoast_head_json":{"title":"DigitalIndustrial","description":"Seja um l\u00edder da transforma\u00e7\u00e3o digital na ind\u00fastria e digitalize seu neg\u00f3cio com as melhores refer\u00eancias e hist\u00f3rias reais.","robots":{"index":"index","follow":"follow","max-snippet":"max-snippet:-1","max-image-preview":"max-image-preview:large","max-video-preview":"max-video-preview:-1"},"canonical":"https:\/\/digitalindustrial.com.br\/en\/","og_locale":"en_US","og_type":"article","og_title":"DigitalIndustrial","og_description":"Seja um l\u00edder da transforma\u00e7\u00e3o digital na ind\u00fastria e digitalize seu neg\u00f3cio com as melhores refer\u00eancias e hist\u00f3rias reais.","og_url":"https:\/\/digitalindustrial.com.br\/en\/","og_site_name":"DigitalIndustrial","article_modified_time":"2024-05-09T14:24:39+00:00","twitter_card":"summary_large_image","schema":{"@context":"https:\/\/schema.org","@graph":[{"@type":"WebPage","@id":"https:\/\/digitalindustrial.com.br\/","url":"https:\/\/digitalindustrial.com.br\/","name":"DigitalIndustrial","isPartOf":{"@id":"https:\/\/digitalindustrial.com.br\/#website"},"datePublished":"2023-06-20T17:45:08+00:00","dateModified":"2024-05-09T14:24:39+00:00","description":"Seja um l\u00edder da transforma\u00e7\u00e3o digital na ind\u00fastria e digitalize seu neg\u00f3cio com as melhores refer\u00eancias e hist\u00f3rias reais.","breadcrumb":{"@id":"https:\/\/digitalindustrial.com.br\/#breadcrumb"},"inLanguage":"en-US","potentialAction":[{"@type":"ReadAction","target":["https:\/\/digitalindustrial.com.br\/"]}]},{"@type":"BreadcrumbList","@id":"https:\/\/digitalindustrial.com.br\/#breadcrumb","itemListElement":[{"@type":"ListItem","position":1,"name":"In\u00edcio","item":"https:\/\/digitalindustrial.com.br\/"},{"@type":"ListItem","position":2,"name":"DigitalIndustrial"}]},{"@type":"WebSite","@id":"https:\/\/digitalindustrial.com.br\/#website","url":"https:\/\/digitalindustrial.com.br\/","name":"DigitalIndustrial","description":"Seja um l\u00edder da transforma\u00e7\u00e3o digital na sua ind\u00fastria. Aprenda como digitalizar sua industria por meio das melhores refer\u00eancias e hist\u00f3rias reais.","potentialAction":[{"@type":"SearchAction","target":{"@type":"EntryPoint","urlTemplate":"https:\/\/digitalindustrial.com.br\/?s={search_term_string}"},"query-input":"required name=search_term_string"}],"inLanguage":"en-US"}]}},"_links":{"self":[{"href":"https:\/\/digitalindustrial.com.br\/en\/wp-json\/wp\/v2\/pages\/889"}],"collection":[{"href":"https:\/\/digitalindustrial.com.br\/en\/wp-json\/wp\/v2\/pages"}],"about":[{"href":"https:\/\/digitalindustrial.com.br\/en\/wp-json\/wp\/v2\/types\/page"}],"author":[{"embeddable":true,"href":"https:\/\/digitalindustrial.com.br\/en\/wp-json\/wp\/v2\/users\/1"}],"replies":[{"embeddable":true,"href":"https:\/\/digitalindustrial.com.br\/en\/wp-json\/wp\/v2\/comments?post=889"}],"version-history":[{"count":5,"href":"https:\/\/digitalindustrial.com.br\/en\/wp-json\/wp\/v2\/pages\/889\/revisions"}],"predecessor-version":[{"id":1266,"href":"https:\/\/digitalindustrial.com.br\/en\/wp-json\/wp\/v2\/pages\/889\/revisions\/1266"}],"wp:attachment":[{"href":"https:\/\/digitalindustrial.com.br\/en\/wp-json\/wp\/v2\/media?parent=889"}],"curies":[{"name":"wp","href":"https:\/\/api.w.org\/{rel}","templated":true}]}}